{"id":4970,"date":"2020-09-19T16:09:05","date_gmt":"2020-09-19T15:09:05","guid":{"rendered":"https:\/\/www.imediacrafts.com\/geschaeftsbedingungen\/"},"modified":"2020-09-19T23:13:26","modified_gmt":"2020-09-19T22:13:26","slug":"geschaeftsbedingungen","status":"publish","type":"page","link":"https:\/\/www.imediacrafts.com\/de\/geschaeftsbedingungen\/","title":{"rendered":"Gesch\u00e4ftsbedingungen"},"content":{"rendered":"\t\t<div data-elementor-type=\"wp-page\" data-elementor-id=\"4970\" class=\"elementor elementor-4970 elementor-4898\" data-elementor-settings=\"[]\">\n\t\t\t\t\t\t<div class=\"elementor-inner\">\n\t\t\t\t\t\t\t<div class=\"elementor-section-wrap\">\n\t\t\t\t\t\t\t<section class=\"elementor-section elementor-top-section elementor-element elementor-element-277e793 elementor-section-boxed elementor-section-height-default elementor-section-height-default\" data-id=\"277e793\" data-element_type=\"section\">\n\t\t\t\t\t\t<div class=\"elementor-container elementor-column-gap-default\">\n\t\t\t\t\t\t\t<div class=\"elementor-row\">\n\t\t\t\t\t<div class=\"elementor-column elementor-col-100 elementor-top-column elementor-element elementor-element-da5d44c\" data-id=\"da5d44c\" data-element_type=\"column\">\n\t\t\t<div class=\"elementor-column-wrap elementor-element-populated\">\n\t\t\t\t\t\t\t<div class=\"elementor-widget-wrap\">\n\t\t\t\t\t\t<div class=\"elementor-element elementor-element-5f719bf elementor-widget elementor-widget-heading\" data-id=\"5f719bf\" data-element_type=\"widget\" data-widget_type=\"heading.default\">\n\t\t\t\t<div class=\"elementor-widget-container\">\n\t\t\t<h2 class=\"elementor-heading-title elementor-size-default\">Gesch\u00e4ftsbedingungen<\/h2>\t\t<\/div>\n\t\t\t\t<\/div>\n\t\t\t\t\t\t<\/div>\n\t\t\t\t\t<\/div>\n\t\t<\/div>\n\t\t\t\t\t\t\t\t<\/div>\n\t\t\t\t\t<\/div>\n\t\t<\/section>\n\t\t\t\t<section class=\"elementor-section elementor-top-section elementor-element elementor-element-83884e1 elementor-section-boxed elementor-section-height-default elementor-section-height-default\" data-id=\"83884e1\" data-element_type=\"section\">\n\t\t\t\t\t\t<div class=\"elementor-container elementor-column-gap-default\">\n\t\t\t\t\t\t\t<div class=\"elementor-row\">\n\t\t\t\t\t<div class=\"elementor-column elementor-col-100 elementor-top-column elementor-element elementor-element-3563980\" data-id=\"3563980\" data-element_type=\"column\">\n\t\t\t<div class=\"elementor-column-wrap elementor-element-populated\">\n\t\t\t\t\t\t\t<div class=\"elementor-widget-wrap\">\n\t\t\t\t\t\t<section class=\"elementor-section elementor-inner-section elementor-element elementor-element-baa95c4 elementor-section-boxed elementor-section-height-default elementor-section-height-default\" data-id=\"baa95c4\" data-element_type=\"section\">\n\t\t\t\t\t\t<div class=\"elementor-container elementor-column-gap-default\">\n\t\t\t\t\t\t\t<div class=\"elementor-row\">\n\t\t\t\t\t<div class=\"elementor-column elementor-col-100 elementor-inner-column elementor-element elementor-element-84e83be\" data-id=\"84e83be\" data-element_type=\"column\">\n\t\t\t<div class=\"elementor-column-wrap elementor-element-populated\">\n\t\t\t\t\t\t\t<div class=\"elementor-widget-wrap\">\n\t\t\t\t\t\t<div class=\"elementor-element elementor-element-e2be5d9 elementor-widget elementor-widget-text-editor\" data-id=\"e2be5d9\" data-element_type=\"widget\" data-widget_type=\"text-editor.default\">\n\t\t\t\t<div class=\"elementor-widget-container\">\n\t\t\t\t\t\t\t\t<div class=\"elementor-text-editor elementor-clearfix\">\n\t\t\t\t<p>Allgemeine Gesch\u00e4ftsbedingungen f\u00fcr iMedia Crafts Ltd.<\/p>\n<p><strong>Einf\u00fchrung<\/strong><\/p>\n<p>Diese auf dieser Webseite verfassten Allgemeinen Gesch\u00e4ftsbedingungen f\u00fcr die Website verwalten Ihre Nutzung unserer Website imediacrafts.com, die unter https:\/\/www.imediacrafts.com zug\u00e4nglich ist.<\/p>\n<p>Diese Bedingungen werden vollst\u00e4ndig angewendet und wirken sich auf Ihre Nutzung dieser Website aus. Durch die Nutzung dieser Website haben Sie zugestimmt, alle hier aufgef\u00fchrten Bedingungen zu akzeptieren. Sie d\u00fcrfen diese Website nicht nutzen, wenn Sie mit diesen Allgemeinen Gesch\u00e4ftsbedingungen dieser Website nicht einverstanden sind.<\/p>\n<p><strong>Rechte an geistigem Eigentum<\/strong><\/p>\n<p>Mit Ausnahme der Inhalte, die Sie gem\u00e4\u00df diesen Bedingungen besitzen, besitzen iMedia Crafts Ltd und \/ oder seine Lizenzgeber alle auf dieser Website enthaltenen Rechte und Materialien an geistigem Eigentum.<\/p>\n<p>Sie erhalten eine eingeschr\u00e4nkte Lizenz nur zum Anzeigen des auf dieser Website enthaltenen Materials.<\/p>\n<p><strong>Beschr\u00e4nkungen<\/strong><\/p>\n<ul>\n<li>Sie sind ausdr\u00fccklich auf Folgendes beschr\u00e4nkt:<\/li>\n<li>Ver\u00f6ffentlichung von Website-Material in anderen Medien;<br \/>Verkauf, Unterlizenzierung und \/ oder anderweitige Vermarktung von Website-Material;<\/li>\n<li>\u00f6ffentliche Auff\u00fchrung und \/ oder Pr\u00e4sentation von Website-Material;<br \/>Nutzung dieser Website in einer Weise, die dieser Website schadet oder schaden k\u00f6nnte;<\/li>\n<li>Nutzung dieser Website in einer Weise, die sich auf den Benutzerzugriff auf diese Website auswirkt;<\/li>\n<li>Die Nutzung dieser Website verst\u00f6\u00dft gegen geltende Gesetze und Vorschriften oder kann in irgendeiner Weise der Website oder einer Person oder Gesch\u00e4ftseinheit Schaden zuf\u00fcgen.<\/li>\n<li>Durchf\u00fchrung von Data Mining, Data Harvesting, Datenextraktion oder \u00e4hnlichen Aktivit\u00e4ten in Bezug auf diese Website;<\/li>\n<li>Nutzung dieser Website f\u00fcr Werbung oder Marketing.<\/li>\n<\/ul>\n<p>Bestimmte Bereiche dieser Website d\u00fcrfen nicht von Ihnen aufgerufen werden, und iMedia Crafts Ltd kann den Zugriff von Ihnen auf Bereiche dieser Website jederzeit nach freiem Ermessen weiter einschr\u00e4nken. Alle Benutzer-IDs und Passw\u00f6rter, die Sie m\u00f6glicherweise f\u00fcr diese Website haben, sind vertraulich und Sie m\u00fcssen auch die Vertraulichkeit wahren.<\/p>\n<p><strong>Ihr Inhalt<\/strong><\/p>\n<p>In diesen Allgemeinen Gesch\u00e4ftsbedingungen der Website bedeutet &#8222;Ihr Inhalt&#8220; Audio-, Videotext, Bilder oder anderes Material, das Sie auf dieser Website anzeigen m\u00f6chten. Durch die Anzeige Ihrer Inhalte gew\u00e4hren Sie iMedia Crafts Ltd eine nicht exklusive, weltweit unwiderrufliche, unterlizenzierbare Lizenz zur Nutzung, Reproduktion, Anpassung, Ver\u00f6ffentlichung, \u00dcbersetzung und Verbreitung in allen Medien.<\/p>\n<p>Ihr Inhalt muss Ihr eigener sein und darf nicht in die Rechte Dritter eingreifen. iMedia Crafts Ltd beh\u00e4lt sich das Recht vor, Ihre Inhalte jederzeit ohne vorherige Ank\u00fcndigung von dieser Website zu entfernen.<\/p>\n<p><strong>Ihre Privatsph\u00e4re<\/strong><\/p>\n<p>Bitte lesen Sie die Datenschutzbestimmungen.<\/p>\n<p><strong>Keine Gew\u00e4hrleistungen<\/strong><\/p>\n<p>Diese Website wird &#8222;wie besehen&#8220; mit allen Fehlern bereitgestellt, und iMedia Crafts Ltd gibt keinerlei Zusicherungen oder Gew\u00e4hrleistungen in Bezug auf diese Website oder die auf dieser Website enthaltenen Materialien ab. Nichts auf dieser Website soll als Beratung interpretiert werden.<\/p>\n<p><strong>Haftungsbeschr\u00e4nkung<\/strong><\/p>\n<p>In keinem Fall haftet iMedia Crafts Ltd oder einer seiner leitenden Angestellten, Direktoren und Mitarbeiter f\u00fcr irgendetwas, das sich aus oder in irgendeiner Weise im Zusammenhang mit Ihrer Nutzung dieser Website ergibt, unabh\u00e4ngig davon, ob eine solche Haftung vertraglich geregelt ist. iMedia Crafts Ltd, einschlie\u00dflich seiner leitenden Angestellten, Direktoren und Mitarbeiter, haftet nicht f\u00fcr indirekte, Folgesch\u00e4den oder besondere Haftungen, die sich aus oder in irgendeiner Weise im Zusammenhang mit Ihrer Nutzung dieser Website ergeben.<br \/>Entsch\u00e4digung<\/p>\n<p>Sie stellen iMedia Crafts Ltd hiermit in vollem Umfang von jeglichen Verbindlichkeiten, Kosten, Forderungen, Klagegr\u00fcnden, Sch\u00e4den und Kosten frei, die in irgendeiner Weise im Zusammenhang mit Ihrem Versto\u00df gegen eine der Bestimmungen dieser Bedingungen entstehen.<\/p>\n<p><strong>Salvatorische Klausel<\/strong><\/p>\n<p>Sollte sich herausstellen, dass eine Bestimmung dieser Bedingungen nach geltendem Recht ung\u00fcltig ist, werden diese Bestimmungen gestrichen, ohne die \u00fcbrigen Bestimmungen in diesem Dokument zu beeintr\u00e4chtigen.<\/p>\n<p><strong>Variation der Bedingungen<\/strong><\/p>\n<p>iMedia Crafts Ltd ist berechtigt, diese Bedingungen jederzeit nach eigenem Ermessen zu \u00fcberarbeiten. Wenn Sie diese Website nutzen, wird von Ihnen erwartet, dass Sie diese Bedingungen regelm\u00e4\u00dfig \u00fcberpr\u00fcfen.<br \/>Zuordnung<\/p>\n<p>Die iMedia Crafts Ltd ist berechtigt, ihre Rechte und \/ oder Pflichten aus diesen Bedingungen ohne vorherige Ank\u00fcndigung abzutreten, zu \u00fcbertragen und Unterauftr\u00e4ge zu vergeben. Es ist Ihnen jedoch nicht gestattet, Ihre Rechte und \/ oder Pflichten gem\u00e4\u00df diesen Bedingungen abzutreten, zu \u00fcbertragen oder an Dritte zu vergeben.<br \/>Ganze Vereinbarung<\/p>\n<p>Diese Bedingungen stellen die gesamte Vereinbarung zwischen iMedia Crafts Ltd und Ihnen in Bezug auf Ihre Nutzung dieser Website dar und ersetzen alle vorherigen Vereinbarungen und Absprachen.<\/p>\n<p><strong>Geltendes Recht und Gerichtsstand<\/strong><\/p>\n<p>Diese Bedingungen unterliegen den Gesetzen des Vereinigten K\u00f6nigreichs (UK) und werden in \u00dcbereinstimmung mit diesen ausgelegt. Sie unterwerfen sich der nicht ausschlie\u00dflichen Zust\u00e4ndigkeit der in Gro\u00dfbritannien (UK) ans\u00e4ssigen staatlichen und f\u00f6deralen Gerichte der Beilegung von Streitigkeiten .<\/p>\n<p>&nbsp;<\/p>\n\t\t\t\t\t<\/div>\n\t\t\t\t\t\t<\/div>\n\t\t\t\t<\/div>\n\t\t\t\t\t\t<\/div>\n\t\t\t\t\t<\/div>\n\t\t<\/div>\n\t\t\t\t\t\t\t\t<\/div>\n\t\t\t\t\t<\/div>\n\t\t<\/section>\n\t\t\t\t\t\t<\/div>\n\t\t\t\t\t<\/div>\n\t\t<\/div>\n\t\t\t\t\t\t\t\t<\/div>\n\t\t\t\t\t<\/div>\n\t\t<\/section>\n\t\t\t\t\t\t<\/div>\n\t\t\t\t\t\t<\/div>\n\t\t\t\t\t<\/div>\n\t\t","protected":false},"excerpt":{"rendered":"<p>Gesch\u00e4ftsbedingungen Allgemeine Gesch\u00e4ftsbedingungen f\u00fcr iMedia Crafts Ltd. Einf\u00fchrung Diese auf dieser Webseite verfassten Allgemeinen Gesch\u00e4ftsbedingungen f\u00fcr die Website verwalten Ihre Nutzung unserer Website imediacrafts.com, die unter https:\/\/www.imediacrafts.com zug\u00e4nglich ist. Diese Bedingungen werden vollst\u00e4ndig angewendet und wirken sich auf Ihre Nutzung dieser Website aus. Durch die Nutzung dieser Website haben Sie zugestimmt, alle hier aufgef\u00fchrten Bedingungen &hellip;<\/p>\n<p class=\"read-more\"> <a class=\"\" href=\"https:\/\/www.imediacrafts.com\/de\/geschaeftsbedingungen\/\"> <span class=\"screen-reader-text\">Gesch\u00e4ftsbedingungen<\/span> Weiterlesen &raquo;<\/a><\/p>\n","protected":false},"author":1,"featured_media":0,"parent":0,"menu_order":0,"comment_status":"closed","ping_status":"closed","template":"","meta":[],"categories":[],"tags":[],"service-purpose":[],"service-type":[],"_links":{"self":[{"href":"https:\/\/www.imediacrafts.com\/de\/wp-json\/wp\/v2\/pages\/4970"}],"collection":[{"href":"https:\/\/www.imediacrafts.com\/de\/wp-json\/wp\/v2\/pages"}],"about":[{"href":"https:\/\/www.imediacrafts.com\/de\/wp-json\/wp\/v2\/types\/page"}],"author":[{"embeddable":true,"href":"https:\/\/www.imediacrafts.com\/de\/wp-json\/wp\/v2\/users\/1"}],"replies":[{"embeddable":true,"href":"https:\/\/www.imediacrafts.com\/de\/wp-json\/wp\/v2\/comments?post=4970"}],"version-history":[{"count":11,"href":"https:\/\/www.imediacrafts.com\/de\/wp-json\/wp\/v2\/pages\/4970\/revisions"}],"predecessor-version":[{"id":5160,"href":"https:\/\/www.imediacrafts.com\/de\/wp-json\/wp\/v2\/pages\/4970\/revisions\/5160"}],"wp:attachment":[{"href":"https:\/\/www.imediacrafts.com\/de\/wp-json\/wp\/v2\/media?parent=4970"}],"wp:term":[{"taxonomy":"category","embeddable":true,"href":"https:\/\/www.imediacrafts.com\/de\/wp-json\/wp\/v2\/categories?post=4970"},{"taxonomy":"post_tag","embeddable":true,"href":"https:\/\/www.imediacrafts.com\/de\/wp-json\/wp\/v2\/tags?post=4970"},{"taxonomy":"service-purpose","embeddable":true,"href":"https:\/\/www.imediacrafts.com\/de\/wp-json\/wp\/v2\/service-purpose?post=4970"},{"taxonomy":"service-type","embeddable":true,"href":"https:\/\/www.imediacrafts.com\/de\/wp-json\/wp\/v2\/service-type?post=4970"}],"curies":[{"name":"wp","href":"https:\/\/api.w.org\/{rel}","templated":true}]}}