{"id":5418,"date":"2020-10-08T22:13:00","date_gmt":"2020-10-08T21:13:00","guid":{"rendered":"https:\/\/www.imediacrafts.com\/vielen-dank\/"},"modified":"2020-10-08T22:13:01","modified_gmt":"2020-10-08T21:13:01","slug":"vielen-dank","status":"publish","type":"page","link":"https:\/\/www.imediacrafts.com\/de\/vielen-dank\/","title":{"rendered":"Vielen Dank"},"content":{"rendered":"\t\t<div data-elementor-type=\"wp-page\" data-elementor-id=\"5418\" class=\"elementor elementor-5418 elementor-5411\" data-elementor-settings=\"[]\">\n\t\t\t\t\t\t<div class=\"elementor-inner\">\n\t\t\t\t\t\t\t<div class=\"elementor-section-wrap\">\n\t\t\t\t\t\t\t<section class=\"elementor-section elementor-top-section elementor-element elementor-element-1a07d42 elementor-section-boxed elementor-section-height-default elementor-section-height-default\" data-id=\"1a07d42\" data-element_type=\"section\" data-settings=\"{&quot;background_background&quot;:&quot;classic&quot;}\">\n\t\t\t\t\t\t<div class=\"elementor-container elementor-column-gap-default\">\n\t\t\t\t\t\t\t<div class=\"elementor-row\">\n\t\t\t\t\t<div class=\"elementor-column elementor-col-100 elementor-top-column elementor-element elementor-element-2233e72d\" data-id=\"2233e72d\" data-element_type=\"column\">\n\t\t\t<div class=\"elementor-column-wrap elementor-element-populated\">\n\t\t\t\t\t\t\t<div class=\"elementor-widget-wrap\">\n\t\t\t\t\t\t<section class=\"elementor-section elementor-inner-section elementor-element elementor-element-392351c1 elementor-section-boxed elementor-section-height-default elementor-section-height-default\" data-id=\"392351c1\" data-element_type=\"section\">\n\t\t\t\t\t\t<div class=\"elementor-container elementor-column-gap-default\">\n\t\t\t\t\t\t\t<div class=\"elementor-row\">\n\t\t\t\t\t<div class=\"elementor-column elementor-col-50 elementor-inner-column elementor-element elementor-element-26402038\" data-id=\"26402038\" data-element_type=\"column\" data-settings=\"{&quot;background_background&quot;:&quot;classic&quot;}\">\n\t\t\t<div class=\"elementor-column-wrap elementor-element-populated\">\n\t\t\t\t\t\t\t<div class=\"elementor-widget-wrap\">\n\t\t\t\t\t\t<div class=\"elementor-element elementor-element-2f9a4350 elementor-widget-divider--view-line elementor-widget elementor-widget-divider\" data-id=\"2f9a4350\" data-element_type=\"widget\" data-widget_type=\"divider.default\">\n\t\t\t\t<div class=\"elementor-widget-container\">\n\t\t\t\t\t<div class=\"elementor-divider\">\n\t\t\t<span class=\"elementor-divider-separator\">\n\t\t\t\t\t\t<\/span>\n\t\t<\/div>\n\t\t\t\t<\/div>\n\t\t\t\t<\/div>\n\t\t\t\t<div class=\"elementor-element elementor-element-54a87af3 elementor-widget elementor-widget-heading\" data-id=\"54a87af3\" data-element_type=\"widget\" data-widget_type=\"heading.default\">\n\t\t\t\t<div class=\"elementor-widget-container\">\n\t\t\t<h2 class=\"elementor-heading-title elementor-size-default\">Erfolg!<\/h2>\t\t<\/div>\n\t\t\t\t<\/div>\n\t\t\t\t<div class=\"elementor-element elementor-element-7d662fcd elementor-widget elementor-widget-text-editor\" data-id=\"7d662fcd\" data-element_type=\"widget\" data-widget_type=\"text-editor.default\">\n\t\t\t\t<div class=\"elementor-widget-container\">\n\t\t\t\t\t\t\t\t<div class=\"elementor-text-editor elementor-clearfix\">\n\t\t\t\t<p>Wir haben Ihre Beratungsanfrage!<\/p>\n\t\t\t\t\t<\/div>\n\t\t\t\t\t\t<\/div>\n\t\t\t\t<\/div>\n\t\t\t\t<div class=\"elementor-element elementor-element-413fe4f6 elementor-widget elementor-widget-text-editor\" data-id=\"413fe4f6\" data-element_type=\"widget\" data-widget_type=\"text-editor.default\">\n\t\t\t\t<div class=\"elementor-widget-container\">\n\t\t\t\t\t\t\t\t<div class=\"elementor-text-editor elementor-clearfix\">\n\t\t\t\t<p>Sie k\u00f6nnen unseren Anruf innerhalb von 2 Werktagen erwarten, um Ihren Beratungstermin zu vereinbaren.<\/p>\n\t\t\t\t\t<\/div>\n\t\t\t\t\t\t<\/div>\n\t\t\t\t<\/div>\n\t\t\t\t\t\t<\/div>\n\t\t\t\t\t<\/div>\n\t\t<\/div>\n\t\t\t\t<div class=\"elementor-column elementor-col-50 elementor-inner-column elementor-element elementor-element-39482b5d\" data-id=\"39482b5d\" data-element_type=\"column\">\n\t\t\t<div class=\"elementor-column-wrap\">\n\t\t\t\t\t\t\t<div class=\"elementor-widget-wrap\">\n\t\t\t\t\t\t\t\t<\/div>\n\t\t\t\t\t<\/div>\n\t\t<\/div>\n\t\t\t\t\t\t\t\t<\/div>\n\t\t\t\t\t<\/div>\n\t\t<\/section>\n\t\t\t\t\t\t<\/div>\n\t\t\t\t\t<\/div>\n\t\t<\/div>\n\t\t\t\t\t\t\t\t<\/div>\n\t\t\t\t\t<\/div>\n\t\t<\/section>\n\t\t\t\t<section class=\"elementor-section elementor-top-section elementor-element elementor-element-5a86ad57 elementor-section-boxed elementor-section-height-default elementor-section-height-default\" data-id=\"5a86ad57\" data-element_type=\"section\">\n\t\t\t\t\t\t<div class=\"elementor-container elementor-column-gap-default\">\n\t\t\t\t\t\t\t<div class=\"elementor-row\">\n\t\t\t\t\t<div class=\"elementor-column elementor-col-100 elementor-top-column elementor-element elementor-element-567c7b45\" data-id=\"567c7b45\" data-element_type=\"column\">\n\t\t\t<div class=\"elementor-column-wrap elementor-element-populated\">\n\t\t\t\t\t\t\t<div class=\"elementor-widget-wrap\">\n\t\t\t\t\t\t<div class=\"elementor-element elementor-element-77ee447f elementor-widget elementor-widget-heading\" data-id=\"77ee447f\" data-element_type=\"widget\" data-widget_type=\"heading.default\">\n\t\t\t\t<div class=\"elementor-widget-container\">\n\t\t\t<h2 class=\"elementor-heading-title elementor-size-default\">Entdecken Sie unsere Dienstleistungen<\/h2>\t\t<\/div>\n\t\t\t\t<\/div>\n\t\t\t\t<div class=\"elementor-element elementor-element-6ffc347c elementor-widget elementor-widget-toolset-view\" data-id=\"6ffc347c\" data-element_type=\"widget\" data-widget_type=\"toolset-view.default\">\n\t\t\t\t<div class=\"elementor-widget-container\">\n\t\t\t\n\n\n<div id=\"wpv-view-layout-702\" class=\"js-wpv-view-layout js-wpv-layout-responsive js-wpv-view-layout-702\" data-viewnumber=\"702\" data-pagination=\"{&quot;id&quot;:702,&quot;query&quot;:&quot;normal&quot;,&quot;type&quot;:&quot;disabled&quot;,&quot;effect&quot;:&quot;fade&quot;,&quot;duration&quot;:500,&quot;speed&quot;:5,&quot;pause_on_hover&quot;:&quot;disabled&quot;,&quot;stop_rollover&quot;:&quot;false&quot;,&quot;cache_pages&quot;:&quot;enabled&quot;,&quot;preload_images&quot;:&quot;enabled&quot;,&quot;preload_pages&quot;:&quot;enabled&quot;,&quot;preload_reach&quot;:1,&quot;spinner&quot;:&quot;builtin&quot;,&quot;spinner_image&quot;:&quot;https:\/\/www.imediacrafts.com\/wp-content\/plugins\/wp-views\/embedded\/res\/img\/ajax-loader.gif&quot;,&quot;callback_next&quot;:&quot;&quot;,&quot;manage_history&quot;:&quot;enabled&quot;,&quot;has_controls_in_form&quot;:&quot;disabled&quot;,&quot;infinite_tolerance&quot;:&quot;0&quot;,&quot;max_pages&quot;:0,&quot;page&quot;:1,&quot;base_permalink&quot;:&quot;\/de\/wp-json\/wp\/v2\/pages\/5418?wpv_view_count=702&amp;wpv_paged=WPV_PAGE_NUM&quot;,&quot;loop&quot;:{&quot;type&quot;:&quot;&quot;,&quot;name&quot;:&quot;&quot;,&quot;data&quot;:[],&quot;id&quot;:0}}\" data-permalink=\"\/de\/wp-json\/wp\/v2\/pages\/5418?wpv_view_count=702\">\n\n\t\n\t\n\t\n\t\t\n\t\t<div class=\"row \">\n\t\t\t<div class=\"col-sm-4\"><img src=\"https:\/\/www.imediacrafts.com\/wp-content\/uploads\/2018\/11\/camp-1.jpg\" title=\"camp-1\" class=\"attachment-custom\" \/>\n<h4><a href=\"https:\/\/www.imediacrafts.com\/de\/dienste\/design-und-entwicklung-von-websites\/\">Design und Entwicklung von Websites<\/a><\/h4>\n<p>In der heutigen Welt ist Ihre Unternehmenswebsite h\u00e4ufig Ihr erster Ansprechpartner, um potenzielle Kunden zu gewinnen und anzuziehen. Es ist wichtiger denn je, dass Ihre<\/p>\n<\/div>\n\t\t\n\t\t\n\t\t\t<div class=\"col-sm-4\"><img src=\"https:\/\/www.imediacrafts.com\/wp-content\/uploads\/2018\/11\/image-1.jpg\" title=\"image-1\" class=\"attachment-custom\" \/>\n<h4><a href=\"https:\/\/www.imediacrafts.com\/de\/dienste\/e-mail-marketing\/\">E-Mail Marketing<\/a><\/h4>\n<p>E-Mail-Marketing ist h\u00e4ufig der kosteng\u00fcnstigste Marketingkanal, um mit Ihren bestehenden Kunden in Kontakt zu treten und Cross- und Upselling zu betreiben. Mit unserem E-Mail-Marketing-Service k\u00f6nnen<\/p>\n<\/div>\n\t\t\n\t\t\n\t\t\t<div class=\"col-sm-4\"><img src=\"https:\/\/www.imediacrafts.com\/wp-content\/uploads\/2018\/12\/hand-holding-pencil-at-meeting_4460x4460.jpg\" title=\"hand-holding-pencil-at-meeting_4460x4460\" class=\"attachment-custom\" \/>\n<h4><a href=\"https:\/\/www.imediacrafts.com\/de\/dienste\/anzeige-von-werbe-und-remarketing-service\/\">Anzeige von Werbe- und Remarketing-Service<\/a><\/h4>\n<p>Unser Display-Werbedienst kann Ihnen dabei helfen, Benutzer auf Hunderttausenden von Websites zu erreichen. Mit unserem Remarketing-Service k\u00f6nnen Sie jedoch auch alte Benutzer Ihrer Website zur\u00fcckbringen<\/p>\n<\/div>\n\t\t<\/div>\n\t\t\n\t\t\n\t\t<div class=\"row \">\n\t\t\t<div class=\"col-sm-4\"><img src=\"https:\/\/www.imediacrafts.com\/wp-content\/uploads\/2018\/12\/analyst-analytics-blur-106344.jpg\" alt=\"Test\" title=\"analyst-analytics-blur-106344\" class=\"attachment-custom\" \/>\n<h4><a href=\"https:\/\/www.imediacrafts.com\/de\/dienste\/implementierung-des-google-tag-managers-gtm\/\">Implementierung des Google Tag Managers (GTM)<\/a><\/h4>\n<p>Halten Sie Website-Tracking-Tags auf dem neuesten Stand und erfassen Sie Daten, ohne sich jedes Mal auf die IT verlassen zu m\u00fcssen, indem Sie Google TagManager<\/p>\n<\/div>\n\t\t\n\t\t\n\t\t\t<div class=\"col-sm-4\"><img src=\"https:\/\/www.imediacrafts.com\/wp-content\/uploads\/2018\/12\/macbook-air-on-desk_4460x4460.jpg\" title=\"macbook-air-on-desk_4460x4460\" class=\"attachment-custom\" \/>\n<h4><a href=\"https:\/\/www.imediacrafts.com\/de\/dienste\/pay-per-click-werbung-ppc\/\">Pay-per-Click-Werbung (PPC)<\/a><\/h4>\n<p>Mit PPC-Werbung (Pay-per-Click) bezahlen Sie Ihre Anzeigen nur, wenn sie vom Nutzer angeklickt werden. Dies bedeutet, dass Sie nicht nur f\u00fcr die Impressionen, sondern f\u00fcr<\/p>\n<\/div>\n\t\t\n\t\t\n\t\t\t<div class=\"col-sm-4\"><img src=\"https:\/\/www.imediacrafts.com\/wp-content\/uploads\/2018\/12\/analysis-analytics-application-590016.jpg\" title=\"analysis-analytics-application-590016\" class=\"attachment-custom\" \/>\n<h4><a href=\"https:\/\/www.imediacrafts.com\/de\/dienste\/google-analytics-implementierung\/\">Google Analytics-Implementierung<\/a><\/h4>\n<p>Mit Google Analytics k\u00f6nnen Sie das Nutzerverhalten auf Ihrer Website sowie die Leistung Ihrer Marketingkampagnen verfolgen. Unsere Experten k\u00f6nnen es f\u00fcr Sie richtig einrichten und<\/p>\n<\/div>\n\t\t<\/div>\n\t\t\n\t\t\n\t\t<div class=\"row \">\n\t\t\t<div class=\"col-sm-4\"><img src=\"https:\/\/www.imediacrafts.com\/wp-content\/uploads\/2018\/12\/adult-busy-cellphone-1083622.jpg\" title=\"adult-busy-cellphone-1083622\" class=\"attachment-custom\" \/>\n<h4><a href=\"https:\/\/www.imediacrafts.com\/de\/dienste\/suchmaschinenoptimierung-seo\/\">Suchmaschinenoptimierung (SEO)<\/a><\/h4>\n<p>Unser SEO-Service (Search Engine Optimization) kann dazu beitragen, dass Ihre Website in den Suchergebnissen besser rangiert. Mit h\u00f6heren Platzierungen in der organischen Suche k\u00f6nnen Sie<\/p>\n<\/div>\n\t\t\n\t\t\n\t\t\t<div class=\"col-sm-4\"><img src=\"https:\/\/www.imediacrafts.com\/wp-content\/uploads\/2018\/12\/adult-busy-cellphone-1083622.jpg\" title=\"adult-busy-cellphone-1083622\" class=\"attachment-custom\" \/>\n<h4><a href=\"https:\/\/www.imediacrafts.com\/de\/dienste\/social-media-marketing\/\">Social Media Marketing Service<\/a><\/h4>\n<p>Binden Sie Benutzer in die Social Media-Plattform ein und helfen Sie ihnen, Ihre Nachricht noch weiter zu verbreiten. Wir k\u00f6nnen Ihnen dabei helfen, Inhalte zu<\/p>\n<\/div>\n\t\t\n\t\t\n\t\t\t<div class=\"col-sm-4\"><img src=\"https:\/\/www.imediacrafts.com\/wp-content\/uploads\/2018\/12\/adult-busy-cellphone-1083622.jpg\" title=\"adult-busy-cellphone-1083622\" class=\"attachment-custom\" \/>\n<h4><a href=\"https:\/\/www.imediacrafts.com\/de\/dienste\/kreative-banner-design-und-videoproduktion\/\">Kreative \/ Banner Design &#038; Videoproduktion<\/a><\/h4>\n<p>Wir helfen Ihnen, Ihre Marke online aufzubauen und Ihre Botschaft besser zu vermitteln. Unser Team aus Website-Designern und Videoproduktionseinheiten kann Ihre Website viel pr\u00e4sentabler und<\/p>\n<\/div>\n\t\t<\/div>\n\t\t\n\t\t\n\t\t<div class=\"row \">\n\t\t\t<div class=\"col-sm-4\"><img src=\"https:\/\/www.imediacrafts.com\/wp-content\/uploads\/2018\/12\/adult-busy-cellphone-1083622.jpg\" title=\"adult-busy-cellphone-1083622\" class=\"attachment-custom\" \/>\n<h4><a href=\"https:\/\/www.imediacrafts.com\/de\/dienste\/verfassen-von-inhalten-und-ubersetzungen\/\">Verfassen von Inhalten und \u00dcbersetzungen<\/a><\/h4>\n<p>Inhalte sind die W\u00e4hrung der Online-Welt. Benutzer ben\u00f6tigen Inhalte, um nicht nur \u00fcber Ihre Produkte und Dienstleistungen Bescheid zu wissen, sondern auch um Entscheidungen \u00fcber<\/p>\n<\/div>\n\t\t\n\t\t\n\t\t\t<div class=\"col-sm-4\"><img src=\"https:\/\/www.imediacrafts.com\/wp-content\/uploads\/2018\/12\/analysis-analytics-application-590016.jpg\" title=\"analysis-analytics-application-590016\" class=\"attachment-custom\" \/>\n<h4><a href=\"https:\/\/www.imediacrafts.com\/de\/dienste\/web-business-intelligence-bi\/\">Business Intelligence (BI) und benutzerdefinierte Berichterstellung<\/a><\/h4>\n<p>Treffen Sie Entscheidungen basierend auf Daten zum Benutzerverhalten, die aus verschiedenen Systemen stammen und von unserem Team digitaler Strategen analysiert wurden. Wir k\u00f6nnen Tracking einrichten,<\/p>\n<\/div>\n\t\t\n\t\t\n\t\t\t<div class=\"col-sm-4\"><img src=\"https:\/\/www.imediacrafts.com\/wp-content\/uploads\/2018\/11\/camp-1.jpg\" title=\"camp-1\" class=\"attachment-custom\" \/>\n<h4><a href=\"https:\/\/www.imediacrafts.com\/de\/dienste\/user-experience-ux-conversion-optimierung\/\">User Experience (UX) und Conversion-Optimierung<\/a><\/h4>\n<p>In der heutigen Welt ist Ihre Unternehmenswebsite h\u00e4ufig der erste Ansprechpartner f\u00fcr Ihre potenziellen Kunden, um mit Ihrem Unternehmen in Kontakt zu treten. Daher ist<\/p>\n<\/div>\n\t\t<\/div>\n\t\t\n\t\n\t\n\t\n<\/div>\n\t\t<\/div>\n\t\t\t\t<\/div>\n\t\t\t\t\t\t<\/div>\n\t\t\t\t\t<\/div>\n\t\t<\/div>\n\t\t\t\t\t\t\t\t<\/div>\n\t\t\t\t\t<\/div>\n\t\t<\/section>\n\t\t\t\t\t\t<\/div>\n\t\t\t\t\t\t<\/div>\n\t\t\t\t\t<\/div>\n\t\t","protected":false},"excerpt":{"rendered":"<p>Erfolg! Wir haben Ihre Beratungsanfrage! Sie k\u00f6nnen unseren Anruf innerhalb von 2 Werktagen erwarten, um Ihren Beratungstermin zu vereinbaren. Entdecken Sie unsere Dienstleistungen User Experience (UX) and Conversion Optimisation In today&#8217;s world, your business website is often the first point-of-touch for your potential customers to engage with your organisation. It is therefor more important Business &hellip;<\/p>\n<p class=\"read-more\"> <a class=\"\" href=\"https:\/\/www.imediacrafts.com\/de\/vielen-dank\/\"> <span class=\"screen-reader-text\">Vielen Dank<\/span> Weiterlesen &raquo;<\/a><\/p>\n","protected":false},"author":1,"featured_media":0,"parent":0,"menu_order":0,"comment_status":"closed","ping_status":"closed","template":"","meta":[],"categories":[],"tags":[],"service-purpose":[],"service-type":[],"_links":{"self":[{"href":"https:\/\/www.imediacrafts.com\/de\/wp-json\/wp\/v2\/pages\/5418"}],"collection":[{"href":"https:\/\/www.imediacrafts.com\/de\/wp-json\/wp\/v2\/pages"}],"about":[{"href":"https:\/\/www.imediacrafts.com\/de\/wp-json\/wp\/v2\/types\/page"}],"author":[{"embeddable":true,"href":"https:\/\/www.imediacrafts.com\/de\/wp-json\/wp\/v2\/users\/1"}],"replies":[{"embeddable":true,"href":"https:\/\/www.imediacrafts.com\/de\/wp-json\/wp\/v2\/comments?post=5418"}],"version-history":[{"count":1,"href":"https:\/\/www.imediacrafts.com\/de\/wp-json\/wp\/v2\/pages\/5418\/revisions"}],"predecessor-version":[{"id":5419,"href":"https:\/\/www.imediacrafts.com\/de\/wp-json\/wp\/v2\/pages\/5418\/revisions\/5419"}],"wp:attachment":[{"href":"https:\/\/www.imediacrafts.com\/de\/wp-json\/wp\/v2\/media?parent=5418"}],"wp:term":[{"taxonomy":"category","embeddable":true,"href":"https:\/\/www.imediacrafts.com\/de\/wp-json\/wp\/v2\/categories?post=5418"},{"taxonomy":"post_tag","embeddable":true,"href":"https:\/\/www.imediacrafts.com\/de\/wp-json\/wp\/v2\/tags?post=5418"},{"taxonomy":"service-purpose","embeddable":true,"href":"https:\/\/www.imediacrafts.com\/de\/wp-json\/wp\/v2\/service-purpose?post=5418"},{"taxonomy":"service-type","embeddable":true,"href":"https:\/\/www.imediacrafts.com\/de\/wp-json\/wp\/v2\/service-type?post=5418"}],"curies":[{"name":"wp","href":"https:\/\/api.w.org\/{rel}","templated":true}]}}