{"id":4966,"date":"2020-09-19T16:06:09","date_gmt":"2020-09-19T15:06:09","guid":{"rendered":"https:\/\/www.imediacrafts.com\/termes-et-conditions\/"},"modified":"2020-09-19T23:13:08","modified_gmt":"2020-09-19T22:13:08","slug":"termes-et-conditions","status":"publish","type":"page","link":"https:\/\/www.imediacrafts.com\/fr\/termes-et-conditions\/","title":{"rendered":"Termes et conditions"},"content":{"rendered":"\t\t<div data-elementor-type=\"wp-page\" data-elementor-id=\"4966\" class=\"elementor elementor-4966 elementor-4898\" data-elementor-settings=\"[]\">\n\t\t\t\t\t\t<div class=\"elementor-inner\">\n\t\t\t\t\t\t\t<div class=\"elementor-section-wrap\">\n\t\t\t\t\t\t\t<section class=\"elementor-section elementor-top-section elementor-element elementor-element-277e793 elementor-section-boxed elementor-section-height-default elementor-section-height-default\" data-id=\"277e793\" data-element_type=\"section\">\n\t\t\t\t\t\t<div class=\"elementor-container elementor-column-gap-default\">\n\t\t\t\t\t\t\t<div class=\"elementor-row\">\n\t\t\t\t\t<div class=\"elementor-column elementor-col-100 elementor-top-column elementor-element elementor-element-da5d44c\" data-id=\"da5d44c\" data-element_type=\"column\">\n\t\t\t<div class=\"elementor-column-wrap elementor-element-populated\">\n\t\t\t\t\t\t\t<div class=\"elementor-widget-wrap\">\n\t\t\t\t\t\t<div class=\"elementor-element elementor-element-5f719bf elementor-widget elementor-widget-heading\" data-id=\"5f719bf\" data-element_type=\"widget\" data-widget_type=\"heading.default\">\n\t\t\t\t<div class=\"elementor-widget-container\">\n\t\t\t<h2 class=\"elementor-heading-title elementor-size-default\">Termes et conditions<\/h2>\t\t<\/div>\n\t\t\t\t<\/div>\n\t\t\t\t\t\t<\/div>\n\t\t\t\t\t<\/div>\n\t\t<\/div>\n\t\t\t\t\t\t\t\t<\/div>\n\t\t\t\t\t<\/div>\n\t\t<\/section>\n\t\t\t\t<section class=\"elementor-section elementor-top-section elementor-element elementor-element-83884e1 elementor-section-boxed elementor-section-height-default elementor-section-height-default\" data-id=\"83884e1\" data-element_type=\"section\">\n\t\t\t\t\t\t<div class=\"elementor-container elementor-column-gap-default\">\n\t\t\t\t\t\t\t<div class=\"elementor-row\">\n\t\t\t\t\t<div class=\"elementor-column elementor-col-100 elementor-top-column elementor-element elementor-element-3563980\" data-id=\"3563980\" data-element_type=\"column\">\n\t\t\t<div class=\"elementor-column-wrap elementor-element-populated\">\n\t\t\t\t\t\t\t<div class=\"elementor-widget-wrap\">\n\t\t\t\t\t\t<section class=\"elementor-section elementor-inner-section elementor-element elementor-element-baa95c4 elementor-section-boxed elementor-section-height-default elementor-section-height-default\" data-id=\"baa95c4\" data-element_type=\"section\">\n\t\t\t\t\t\t<div class=\"elementor-container elementor-column-gap-default\">\n\t\t\t\t\t\t\t<div class=\"elementor-row\">\n\t\t\t\t\t<div class=\"elementor-column elementor-col-100 elementor-inner-column elementor-element elementor-element-84e83be\" data-id=\"84e83be\" data-element_type=\"column\">\n\t\t\t<div class=\"elementor-column-wrap elementor-element-populated\">\n\t\t\t\t\t\t\t<div class=\"elementor-widget-wrap\">\n\t\t\t\t\t\t<div class=\"elementor-element elementor-element-e2be5d9 elementor-widget elementor-widget-text-editor\" data-id=\"e2be5d9\" data-element_type=\"widget\" data-widget_type=\"text-editor.default\">\n\t\t\t\t<div class=\"elementor-widget-container\">\n\t\t\t\t\t\t\t\t<div class=\"elementor-text-editor elementor-clearfix\">\n\t\t\t\t<p>Termes et conditions pour iMedia Crafts Ltd<\/p>\n<p><strong>Introduction<\/strong><\/p>\n<p>Les pr\u00e9sentes conditions g\u00e9n\u00e9rales du site Web \u00e9crites sur cette page Web g\u00e8rent votre utilisation de notre site Web, imediacrafts.com accessible \u00e0 https:\/\/www.imediacrafts.com.<\/p>\n<p>Ces conditions seront pleinement appliqu\u00e9es et affecteront votre utilisation de ce site Web. En utilisant ce site Web, vous avez accept\u00e9 toutes les conditions g\u00e9n\u00e9rales \u00e9crites ici. Vous ne devez pas utiliser ce site Web si vous n&rsquo;\u00eates pas d&rsquo;accord avec l&rsquo;une de ces conditions g\u00e9n\u00e9rales standard du site Web.<\/p>\n<p>&nbsp;<\/p>\n<p><strong>Droits de propri\u00e9t\u00e9 intellectuelle<\/strong><\/p>\n<p>En dehors du contenu que vous poss\u00e9dez, en vertu des pr\u00e9sentes Conditions, iMedia Crafts Ltd et \/ ou ses conc\u00e9dants de licence poss\u00e8dent tous les droits de propri\u00e9t\u00e9 intellectuelle et le mat\u00e9riel contenus dans ce site Web.<\/p>\n<p>Une licence limit\u00e9e vous est accord\u00e9e uniquement aux fins de visualisation du mat\u00e9riel contenu sur ce site Web.<\/p>\n<p><strong>Restrictions<\/strong><\/p>\n<p>Vous \u00eates sp\u00e9cifiquement limit\u00e9 de tous les \u00e9l\u00e9ments suivants:<\/p>\n<ul>\n<li>publier tout contenu du site Web dans tout autre m\u00e9dia;<\/li>\n<li>la vente, l&rsquo;octroi de sous-licences et \/ ou la commercialisation de tout mat\u00e9riel du site Web;<\/li>\n<li>ex\u00e9cuter et \/ ou montrer publiquement tout mat\u00e9riel du site Web;<br \/>utiliser ce site Web de quelque mani\u00e8re que ce soit qui soit ou pourrait \u00eatre dommageable pour ce site Web;<\/li>\n<li>utiliser ce site Web de quelque mani\u00e8re que ce soit qui affecte l&rsquo;acc\u00e8s des utilisateurs \u00e0 ce site Web;<\/li>\n<li>&lsquo;utilisation de ce site Web en violation des lois et r\u00e8glements applicables, ou de quelque mani\u00e8re que ce soit, peut causer un pr\u00e9judice au site Web ou \u00e0 toute personne ou entit\u00e9 commerciale;<\/li>\n<li>s&rsquo;engager dans toute exploration de donn\u00e9es, collecte de donn\u00e9es, extraction de donn\u00e9es ou toute autre activit\u00e9 similaire en relation avec ce site Web<br \/>utiliser ce site Web pour s&rsquo;engager dans toute publicit\u00e9 ou marketing.\n<p>Certaines zones de ce site Web sont interdites d&rsquo;acc\u00e8s par vous et iMedia Crafts Ltd peut restreindre davantage l&rsquo;acc\u00e8s de votre part \u00e0 toutes les zones de ce site Web, \u00e0 tout moment, \u00e0 la discr\u00e9tion absolue. Tout identifiant et mot de passe que vous pourriez avoir pour ce site Web sont confidentiels et vous devez \u00e9galement maintenir la confidentialit\u00e9.<\/li>\n<\/ul>\n<p><strong>Votre contenu<\/strong><\/p>\n<p>Dans les pr\u00e9sentes conditions g\u00e9n\u00e9rales du site Web, \u00abvotre contenu\u00bb d\u00e9signe tout texte audio, vid\u00e9o, images ou autre mat\u00e9riel que vous choisissez d&rsquo;afficher sur ce site Web. En affichant votre contenu, vous accordez \u00e0 iMedia Crafts Ltd une licence non exclusive, irr\u00e9vocable dans le monde entier, sous licence pour l&rsquo;utiliser, le reproduire, l&rsquo;adapter, le publier, le traduire et le distribuer sur tous les supports.<\/p>\n<p>Votre contenu doit \u00eatre le v\u00f4tre et ne doit pas empi\u00e9ter sur les droits d\u2019un tiers. iMedia Crafts Ltd se r\u00e9serve le droit de supprimer tout contenu de votre site Web \u00e0 tout moment et sans pr\u00e9avis.<\/p>\n<p><strong>Votre vie priv\u00e9e<\/strong><\/p>\n<p>Veuillez lire la politique de confidentialit\u00e9.<\/p>\n<p><strong>Aucune garantie<\/strong><\/p>\n<p>Ce site Web est fourni \u00abtel quel\u00bb, avec tous les d\u00e9fauts, et iMedia Crafts Ltd n&rsquo;exprime aucune repr\u00e9sentation ou garantie, de quelque nature que ce soit, li\u00e9e \u00e0 ce site Web ou aux mat\u00e9riaux contenus sur ce site Web. De plus, rien de ce qui figure sur ce site Web ne doit \u00eatre interpr\u00e9t\u00e9 comme vous conseillant.<\/p>\n<p><strong>Limitation de responsabilit\u00e9<\/strong><\/p>\n<p>En aucun cas iMedia Crafts Ltd, ni aucun de ses dirigeants, administrateurs et employ\u00e9s, ne pourra \u00eatre tenu responsable de quoi que ce soit d\u00e9coulant de ou li\u00e9 de quelque mani\u00e8re que ce soit \u00e0 votre utilisation de ce site Web, que cette responsabilit\u00e9 soit contractuelle. iMedia Crafts Ltd, y compris ses dirigeants, administrateurs et employ\u00e9s ne seront pas tenus responsables de toute responsabilit\u00e9 indirecte, cons\u00e9cutive ou sp\u00e9ciale d\u00e9coulant de ou li\u00e9e de quelque mani\u00e8re que ce soit \u00e0 votre utilisation de ce site Web.<br \/>Indemnit\u00e9<\/p>\n<p>Par la pr\u00e9sente, vous indemnisez dans toute la mesure du possible iMedia Crafts Ltd de et \/ ou de toutes les responsabilit\u00e9s, co\u00fbts, demandes, causes d&rsquo;action, dommages et d\u00e9penses d\u00e9coulant de quelque mani\u00e8re que ce soit de votre violation de l&rsquo;une des dispositions des pr\u00e9sentes Conditions.<\/p>\n<p><strong>Divisibilit\u00e9<\/strong><\/p>\n<p>Si une disposition de ces Conditions est jug\u00e9e invalide en vertu d&rsquo;une loi applicable, ces dispositions seront supprim\u00e9es sans affecter les autres dispositions des pr\u00e9sentes.<\/p>\n<p><strong>Variation des termes<\/strong><\/p>\n<p>iMedia Crafts Ltd est autoris\u00e9 \u00e0 r\u00e9viser ces conditions \u00e0 tout moment comme bon lui semble, et en utilisant ce site Web, vous \u00eates cens\u00e9 revoir ces conditions sur une base r\u00e9guli\u00e8re.<\/p>\n<p><strong>Affectation<\/strong><\/p>\n<p>IMedia Crafts Ltd est autoris\u00e9 \u00e0 c\u00e9der, transf\u00e9rer et sous-traiter ses droits et \/ ou obligations en vertu des pr\u00e9sentes Conditions sans aucune notification. Cependant, vous n&rsquo;\u00eates pas autoris\u00e9 \u00e0 c\u00e9der, transf\u00e9rer ou sous-traiter l&rsquo;un de vos droits et \/ ou obligations en vertu des pr\u00e9sentes Conditions.<\/p>\n<p><strong>Accord complet<\/strong><\/p>\n<p>Ces conditions constituent l&rsquo;int\u00e9gralit\u00e9 de l&rsquo;accord entre iMedia Crafts Ltd et vous en ce qui concerne votre utilisation de ce site Web, et remplacent tous les accords et accords ant\u00e9rieurs.<\/p>\n<p><strong>Loi applicable et juridiction<\/strong><\/p>\n<p>Ces conditions seront r\u00e9gies et interpr\u00e9t\u00e9es conform\u00e9ment aux lois de l&rsquo;\u00c9tat du Royaume-Uni (Royaume-Uni), et vous vous soumettez \u00e0 la juridiction non exclusive des tribunaux d&rsquo;\u00c9tat et f\u00e9d\u00e9raux situ\u00e9s au Royaume-Uni (Royaume-Uni) pour la r\u00e9solution de tout litige. .<\/p>\n\t\t\t\t\t<\/div>\n\t\t\t\t\t\t<\/div>\n\t\t\t\t<\/div>\n\t\t\t\t\t\t<\/div>\n\t\t\t\t\t<\/div>\n\t\t<\/div>\n\t\t\t\t\t\t\t\t<\/div>\n\t\t\t\t\t<\/div>\n\t\t<\/section>\n\t\t\t\t\t\t<\/div>\n\t\t\t\t\t<\/div>\n\t\t<\/div>\n\t\t\t\t\t\t\t\t<\/div>\n\t\t\t\t\t<\/div>\n\t\t<\/section>\n\t\t\t\t\t\t<\/div>\n\t\t\t\t\t\t<\/div>\n\t\t\t\t\t<\/div>\n\t\t","protected":false},"excerpt":{"rendered":"<p>Termes et conditions Termes et conditions pour iMedia Crafts Ltd Introduction Les pr\u00e9sentes conditions g\u00e9n\u00e9rales du site Web \u00e9crites sur cette page Web g\u00e8rent votre utilisation de notre site Web, imediacrafts.com accessible \u00e0 https:\/\/www.imediacrafts.com. Ces conditions seront pleinement appliqu\u00e9es et affecteront votre utilisation de ce site Web. En utilisant ce site Web, vous avez accept\u00e9 &hellip;<\/p>\n<p class=\"read-more\"> <a class=\"\" href=\"https:\/\/www.imediacrafts.com\/fr\/termes-et-conditions\/\"> <span class=\"screen-reader-text\">Termes et conditions<\/span> Lire la suite\u00a0\u00bb<\/a><\/p>\n","protected":false},"author":1,"featured_media":0,"parent":0,"menu_order":0,"comment_status":"closed","ping_status":"closed","template":"","meta":[],"categories":[],"tags":[],"service-purpose":[],"service-type":[],"_links":{"self":[{"href":"https:\/\/www.imediacrafts.com\/fr\/wp-json\/wp\/v2\/pages\/4966"}],"collection":[{"href":"https:\/\/www.imediacrafts.com\/fr\/wp-json\/wp\/v2\/pages"}],"about":[{"href":"https:\/\/www.imediacrafts.com\/fr\/wp-json\/wp\/v2\/types\/page"}],"author":[{"embeddable":true,"href":"https:\/\/www.imediacrafts.com\/fr\/wp-json\/wp\/v2\/users\/1"}],"replies":[{"embeddable":true,"href":"https:\/\/www.imediacrafts.com\/fr\/wp-json\/wp\/v2\/comments?post=4966"}],"version-history":[{"count":5,"href":"https:\/\/www.imediacrafts.com\/fr\/wp-json\/wp\/v2\/pages\/4966\/revisions"}],"predecessor-version":[{"id":5158,"href":"https:\/\/www.imediacrafts.com\/fr\/wp-json\/wp\/v2\/pages\/4966\/revisions\/5158"}],"wp:attachment":[{"href":"https:\/\/www.imediacrafts.com\/fr\/wp-json\/wp\/v2\/media?parent=4966"}],"wp:term":[{"taxonomy":"category","embeddable":true,"href":"https:\/\/www.imediacrafts.com\/fr\/wp-json\/wp\/v2\/categories?post=4966"},{"taxonomy":"post_tag","embeddable":true,"href":"https:\/\/www.imediacrafts.com\/fr\/wp-json\/wp\/v2\/tags?post=4966"},{"taxonomy":"service-purpose","embeddable":true,"href":"https:\/\/www.imediacrafts.com\/fr\/wp-json\/wp\/v2\/service-purpose?post=4966"},{"taxonomy":"service-type","embeddable":true,"href":"https:\/\/www.imediacrafts.com\/fr\/wp-json\/wp\/v2\/service-type?post=4966"}],"curies":[{"name":"wp","href":"https:\/\/api.w.org\/{rel}","templated":true}]}}